{"id":516,"date":"2023-05-15T13:56:08","date_gmt":"2023-05-15T11:56:08","guid":{"rendered":"https:\/\/www.sociedadyempresa.com\/?page_id=516"},"modified":"2023-09-11T18:48:09","modified_gmt":"2023-09-11T16:48:09","slug":"specialization","status":"publish","type":"page","link":"https:\/\/www.sociedadyempresa.com\/en\/especializacion\/","title":{"rendered":"Areas of expertise"},"content":{"rendered":"<div data-elementor-type=\"wp-page\" data-elementor-id=\"516\" class=\"elementor elementor-516\" data-elementor-post-type=\"page\">\n\t\t\t\t\t\t<section class=\"elementor-section elementor-top-section elementor-element elementor-element-5c6db960 elementor-section-boxed elementor-section-height-default elementor-section-height-default\" data-id=\"5c6db960\" data-element_type=\"section\" data-e-type=\"section\" data-settings=\"{&quot;background_background&quot;:&quot;classic&quot;}\">\n\t\t\t\t\t\t\t<div class=\"elementor-background-overlay\"><\/div>\n\t\t\t\t\t\t\t<div class=\"elementor-container elementor-column-gap-no\">\n\t\t\t\t\t<div class=\"elementor-column elementor-col-100 elementor-top-column elementor-element elementor-element-2349ed7d\" data-id=\"2349ed7d\" data-element_type=\"column\" data-e-type=\"column\">\n\t\t\t<div class=\"elementor-widget-wrap elementor-element-populated\">\n\t\t\t\t\t\t<div class=\"elementor-element elementor-element-47a04357 elementor-widget elementor-widget-heading\" data-id=\"47a04357\" data-element_type=\"widget\" data-e-type=\"widget\" data-widget_type=\"heading.default\">\n\t\t\t\t<div class=\"elementor-widget-container\">\n\t\t\t\t\t<h1 class=\"elementor-heading-title elementor-size-xl\">Experts in social projects<\/h1>\t\t\t\t<\/div>\n\t\t\t\t<\/div>\n\t\t\t\t\t<\/div>\n\t\t<\/div>\n\t\t\t\t\t<\/div>\n\t\t<\/section>\n\t\t\t\t<section class=\"elementor-section elementor-top-section elementor-element elementor-element-4632bdf5 elementor-section-content-middle elementor-section-boxed elementor-section-height-default elementor-section-height-default\" data-id=\"4632bdf5\" data-element_type=\"section\" data-e-type=\"section\">\n\t\t\t\t\t\t<div class=\"elementor-container elementor-column-gap-no\">\n\t\t\t\t\t<div class=\"elementor-column elementor-col-100 elementor-top-column elementor-element elementor-element-419c8741\" data-id=\"419c8741\" data-element_type=\"column\" data-e-type=\"column\">\n\t\t\t<div class=\"elementor-widget-wrap elementor-element-populated\">\n\t\t\t\t\t\t<div class=\"elementor-element elementor-element-326bde03 elementor-widget elementor-widget-heading\" data-id=\"326bde03\" data-element_type=\"widget\" data-e-type=\"widget\" data-widget_type=\"heading.default\">\n\t\t\t\t<div class=\"elementor-widget-container\">\n\t\t\t\t\t<h2 class=\"elementor-heading-title elementor-size-default\">Our areas of specialization<\/h2>\t\t\t\t<\/div>\n\t\t\t\t<\/div>\n\t\t\t\t<section class=\"elementor-section elementor-inner-section elementor-element elementor-element-3a2bf090 elementor-section-content-middle elementor-section-boxed elementor-section-height-default elementor-section-height-default\" data-id=\"3a2bf090\" data-element_type=\"section\" data-e-type=\"section\">\n\t\t\t\t\t\t<div class=\"elementor-container elementor-column-gap-default\">\n\t\t\t\t\t<div class=\"elementor-column elementor-col-33 elementor-inner-column elementor-element elementor-element-78f0651b\" data-id=\"78f0651b\" data-element_type=\"column\" data-e-type=\"column\">\n\t\t\t<div class=\"elementor-widget-wrap elementor-element-populated\">\n\t\t\t\t\t\t<div class=\"elementor-element elementor-element-7ccf9840 animated-slow elementor-invisible elementor-widget elementor-widget-image\" data-id=\"7ccf9840\" data-element_type=\"widget\" data-e-type=\"widget\" data-settings=\"{&quot;_animation&quot;:&quot;slideInLeft&quot;}\" data-widget_type=\"image.default\">\n\t\t\t\t<div class=\"elementor-widget-container\">\n\t\t\t\t\t\t\t\t\t\t\t\t\t\t\t\t<a href=\"https:\/\/www.sociedadyempresa.com\/en\/social-investigation\/\">\n\t\t\t\t\t\t\t<img fetchpriority=\"high\" decoding=\"async\" width=\"1024\" height=\"724\" src=\"https:\/\/www.sociedadyempresa.com\/wp-content\/uploads\/2023\/08\/sociedadyempresa2-5-1024x724.jpg\" class=\"attachment-large size-large wp-image-1255\" alt=\"Social investigation\" srcset=\"https:\/\/www.sociedadyempresa.com\/wp-content\/uploads\/2023\/08\/sociedadyempresa2-5-1024x724.jpg 1024w, https:\/\/www.sociedadyempresa.com\/wp-content\/uploads\/2023\/08\/sociedadyempresa2-5-300x212.jpg 300w, https:\/\/www.sociedadyempresa.com\/wp-content\/uploads\/2023\/08\/sociedadyempresa2-5-768x543.jpg 768w, https:\/\/www.sociedadyempresa.com\/wp-content\/uploads\/2023\/08\/sociedadyempresa2-5-1536x1086.jpg 1536w, https:\/\/www.sociedadyempresa.com\/wp-content\/uploads\/2023\/08\/sociedadyempresa2-5-18x12.jpg 18w, https:\/\/www.sociedadyempresa.com\/wp-content\/uploads\/2023\/08\/sociedadyempresa2-5.jpg 1754w\" sizes=\"(max-width: 1024px) 100vw, 1024px\" \/>\t\t\t\t\t\t\t\t<\/a>\n\t\t\t\t\t\t\t\t\t\t\t\t\t\t\t<\/div>\n\t\t\t\t<\/div>\n\t\t\t\t\t<\/div>\n\t\t<\/div>\n\t\t\t\t<div class=\"elementor-column elementor-col-33 elementor-inner-column elementor-element elementor-element-24f1608e\" data-id=\"24f1608e\" data-element_type=\"column\" data-e-type=\"column\">\n\t\t\t<div class=\"elementor-widget-wrap elementor-element-populated\">\n\t\t\t\t\t\t<div class=\"elementor-element elementor-element-586575e elementor-widget elementor-widget-image\" data-id=\"586575e\" data-element_type=\"widget\" data-e-type=\"widget\" data-widget_type=\"image.default\">\n\t\t\t\t<div class=\"elementor-widget-container\">\n\t\t\t\t\t\t\t\t\t\t\t\t\t\t\t\t<a href=\"https:\/\/www.sociedadyempresa.com\/en\/design-and-implementation-of-social-projects\/\">\n\t\t\t\t\t\t\t<img decoding=\"async\" width=\"1024\" height=\"724\" src=\"https:\/\/www.sociedadyempresa.com\/wp-content\/uploads\/2023\/08\/sociedadyempresa2-6-1024x724.jpg\" class=\"attachment-large size-large wp-image-1256\" alt=\"Identification, design, implementation and evaluation of social projects\" srcset=\"https:\/\/www.sociedadyempresa.com\/wp-content\/uploads\/2023\/08\/sociedadyempresa2-6-1024x724.jpg 1024w, https:\/\/www.sociedadyempresa.com\/wp-content\/uploads\/2023\/08\/sociedadyempresa2-6-300x212.jpg 300w, https:\/\/www.sociedadyempresa.com\/wp-content\/uploads\/2023\/08\/sociedadyempresa2-6-768x543.jpg 768w, https:\/\/www.sociedadyempresa.com\/wp-content\/uploads\/2023\/08\/sociedadyempresa2-6-1536x1086.jpg 1536w, https:\/\/www.sociedadyempresa.com\/wp-content\/uploads\/2023\/08\/sociedadyempresa2-6-18x12.jpg 18w, https:\/\/www.sociedadyempresa.com\/wp-content\/uploads\/2023\/08\/sociedadyempresa2-6.jpg 1754w\" sizes=\"(max-width: 1024px) 100vw, 1024px\" \/>\t\t\t\t\t\t\t\t<\/a>\n\t\t\t\t\t\t\t\t\t\t\t\t\t\t\t<\/div>\n\t\t\t\t<\/div>\n\t\t\t\t\t<\/div>\n\t\t<\/div>\n\t\t\t\t<div class=\"elementor-column elementor-col-33 elementor-inner-column elementor-element elementor-element-5a7fb7ac\" data-id=\"5a7fb7ac\" data-element_type=\"column\" data-e-type=\"column\">\n\t\t\t<div class=\"elementor-widget-wrap elementor-element-populated\">\n\t\t\t\t\t\t<div class=\"elementor-element elementor-element-4b4debd9 animated-slow elementor-invisible elementor-widget elementor-widget-image\" data-id=\"4b4debd9\" data-element_type=\"widget\" data-e-type=\"widget\" data-settings=\"{&quot;_animation&quot;:&quot;slideInRight&quot;}\" data-widget_type=\"image.default\">\n\t\t\t\t<div class=\"elementor-widget-container\">\n\t\t\t\t\t\t\t\t\t\t\t\t\t\t\t\t<a href=\"https:\/\/www.sociedadyempresa.com\/en\/social-responsibility-of-organizations\/\">\n\t\t\t\t\t\t\t<img decoding=\"async\" width=\"1024\" height=\"724\" src=\"https:\/\/www.sociedadyempresa.com\/wp-content\/uploads\/2023\/08\/sociedadyempresa2-7-1024x724.jpg\" class=\"attachment-large size-large wp-image-1257\" alt=\"Social responsibility of organizations\" srcset=\"https:\/\/www.sociedadyempresa.com\/wp-content\/uploads\/2023\/08\/sociedadyempresa2-7-1024x724.jpg 1024w, https:\/\/www.sociedadyempresa.com\/wp-content\/uploads\/2023\/08\/sociedadyempresa2-7-300x212.jpg 300w, https:\/\/www.sociedadyempresa.com\/wp-content\/uploads\/2023\/08\/sociedadyempresa2-7-768x543.jpg 768w, https:\/\/www.sociedadyempresa.com\/wp-content\/uploads\/2023\/08\/sociedadyempresa2-7-1536x1086.jpg 1536w, https:\/\/www.sociedadyempresa.com\/wp-content\/uploads\/2023\/08\/sociedadyempresa2-7-18x12.jpg 18w, https:\/\/www.sociedadyempresa.com\/wp-content\/uploads\/2023\/08\/sociedadyempresa2-7.jpg 1754w\" sizes=\"(max-width: 1024px) 100vw, 1024px\" \/>\t\t\t\t\t\t\t\t<\/a>\n\t\t\t\t\t\t\t\t\t\t\t\t\t\t\t<\/div>\n\t\t\t\t<\/div>\n\t\t\t\t\t<\/div>\n\t\t<\/div>\n\t\t\t\t\t<\/div>\n\t\t<\/section>\n\t\t\t\t\t<\/div>\n\t\t<\/div>\n\t\t\t\t\t<\/div>\n\t\t<\/section>\n\t\t\t\t<section class=\"elementor-section elementor-top-section elementor-element elementor-element-2804f5 elementor-section-content-middle elementor-section-boxed elementor-section-height-default elementor-section-height-default\" data-id=\"2804f5\" data-element_type=\"section\" data-e-type=\"section\">\n\t\t\t\t\t\t<div class=\"elementor-container elementor-column-gap-no\">\n\t\t\t\t\t<div class=\"elementor-column elementor-col-100 elementor-top-column elementor-element elementor-element-31dcd5a6\" data-id=\"31dcd5a6\" data-element_type=\"column\" data-e-type=\"column\">\n\t\t\t<div class=\"elementor-widget-wrap elementor-element-populated\">\n\t\t\t\t\t\t<div class=\"elementor-element elementor-element-2103f2bf elementor-widget elementor-widget-heading\" data-id=\"2103f2bf\" data-element_type=\"widget\" data-e-type=\"widget\" data-widget_type=\"heading.default\">\n\t\t\t\t<div class=\"elementor-widget-container\">\n\t\t\t\t\t<h2 class=\"elementor-heading-title elementor-size-default\">Our team<\/h2>\t\t\t\t<\/div>\n\t\t\t\t<\/div>\n\t\t\t\t<div class=\"elementor-element elementor-element-588ac7b9 elementor-widget elementor-widget-text-editor\" data-id=\"588ac7b9\" data-element_type=\"widget\" data-e-type=\"widget\" data-widget_type=\"text-editor.default\">\n\t\t\t\t<div class=\"elementor-widget-container\">\n\t\t\t\t\t\t\t\t\t<div class=\"page\" title=\"Page 3\"><div class=\"layoutArea\"><div class=\"column\"><div class=\"page\" title=\"Page 7\"><div class=\"layoutArea\"><div class=\"column\"><p>To develop the projects derived from these areas, Sociedad y Empresa has an experienced multidisciplinary team and a wide network of collaborators made up of professionals trained in the area of social sciences with extensive management experience in the fields of public administration, social organizations and business.<\/p><\/div><\/div><\/div><\/div><\/div><\/div>\t\t\t\t\t\t\t\t<\/div>\n\t\t\t\t<\/div>\n\t\t\t\t\t<\/div>\n\t\t<\/div>\n\t\t\t\t\t<\/div>\n\t\t<\/section>\n\t\t\t\t<\/div>","protected":false},"excerpt":{"rendered":"<p>Expertos en proyectos sociales Nuestras \u00e1reas de especializaci\u00f3n Nuestro equipo Para desarrollar los proyectos que se derivan de estas a\u0301reas, Sociedad y Empresa dispone de un experimentado equipo multidisciplinar y una amplia red de colaboradores compuesta por profesionales formados en el a\u0301rea de las ciencias sociales con una dilatada experiencia de gestio\u0301n en los a\u0301mbitos [&hellip;]<\/p>\n","protected":false},"author":1,"featured_media":929,"parent":0,"menu_order":2,"comment_status":"closed","ping_status":"closed","template":"","meta":{"site-sidebar-layout":"no-sidebar","site-content-layout":"page-builder","ast-site-content-layout":"full-width-container","site-content-style":"unboxed","site-sidebar-style":"unboxed","ast-global-header-display":"","ast-banner-title-visibility":"","ast-main-header-display":"","ast-hfb-above-header-display":"","ast-hfb-below-header-display":"","ast-hfb-mobile-header-display":"","site-post-title":"disabled","ast-breadcrumbs-content":"","ast-featured-img":"disabled","footer-sml-layout":"","ast-disable-related-posts":"","theme-transparent-header-meta":"default","adv-header-id-meta":"","stick-header-meta":"default","header-above-stick-meta":"","header-main-stick-meta":"","header-below-stick-meta":"","astra-migrate-meta-layouts":"set","ast-page-background-enabled":"default","ast-page-background-meta":{"desktop":{"background-color":"","background-image":"","background-repeat":"repeat","background-position":"center center","background-size":"auto","background-attachment":"scroll","background-type":"","background-media":"","overlay-type":"","overlay-color":"","overlay-opacity":"","overlay-gradient":""},"tablet":{"background-color":"","background-image":"","background-repeat":"repeat","background-position":"center center","background-size":"auto","background-attachment":"scroll","background-type":"","background-media":"","overlay-type":"","overlay-color":"","overlay-opacity":"","overlay-gradient":""},"mobile":{"background-color":"","background-image":"","background-repeat":"repeat","background-position":"center center","background-size":"auto","background-attachment":"scroll","background-type":"","background-media":"","overlay-type":"","overlay-color":"","overlay-opacity":"","overlay-gradient":""}},"ast-content-background-meta":{"desktop":{"background-color":"var(--ast-global-color-5)","background-image":"","background-repeat":"repeat","background-position":"center center","background-size":"auto","background-attachment":"scroll","background-type":"","background-media":"","overlay-type":"","overlay-color":"","overlay-opacity":"","overlay-gradient":""},"tablet":{"background-color":"var(--ast-global-color-5)","background-image":"","background-repeat":"repeat","background-position":"center center","background-size":"auto","background-attachment":"scroll","background-type":"","background-media":"","overlay-type":"","overlay-color":"","overlay-opacity":"","overlay-gradient":""},"mobile":{"background-color":"var(--ast-global-color-5)","background-image":"","background-repeat":"repeat","background-position":"center center","background-size":"auto","background-attachment":"scroll","background-type":"","background-media":"","overlay-type":"","overlay-color":"","overlay-opacity":"","overlay-gradient":""}},"footnotes":""},"class_list":["post-516","page","type-page","status-publish","has-post-thumbnail","hentry"],"yoast_head":"<!-- This site is optimized with the Yoast SEO plugin v27.4 - https:\/\/yoast.com\/product\/yoast-seo-wordpress\/ -->\n<title>\u00c1reas de especializaci\u00f3n - Sociedad y Empresa<\/title>\n<meta name=\"description\" content=\"\u00c1reas de especializaci\u00f3n y equipo experimentado en proyectos sociales, administraci\u00f3n p\u00fablica, organizaciones sociales y empresas.\" \/>\n<meta name=\"robots\" content=\"index, follow, max-snippet:-1, max-image-preview:large, max-video-preview:-1\" \/>\n<link rel=\"canonical\" href=\"https:\/\/www.sociedadyempresa.com\/en\/specialization\/\" \/>\n<meta property=\"og:locale\" content=\"en_US\" \/>\n<meta property=\"og:type\" content=\"article\" \/>\n<meta property=\"og:title\" content=\"\u00c1reas de especializaci\u00f3n - Sociedad y Empresa\" \/>\n<meta property=\"og:description\" content=\"\u00c1reas de especializaci\u00f3n y equipo experimentado en proyectos sociales, administraci\u00f3n p\u00fablica, organizaciones sociales y empresas.\" \/>\n<meta property=\"og:url\" content=\"https:\/\/www.sociedadyempresa.com\/en\/specialization\/\" \/>\n<meta property=\"og:site_name\" content=\"Sociedad y Empresa\" \/>\n<meta property=\"article:modified_time\" content=\"2023-09-11T16:48:09+00:00\" \/>\n<meta property=\"og:image\" content=\"https:\/\/www.sociedadyempresa.com\/wp-content\/uploads\/2023\/07\/logo-sociedad-empresa.png\" \/>\n\t<meta property=\"og:image:width\" content=\"1396\" \/>\n\t<meta property=\"og:image:height\" content=\"1165\" \/>\n\t<meta property=\"og:image:type\" content=\"image\/png\" \/>\n<meta name=\"twitter:card\" content=\"summary_large_image\" \/>\n<script type=\"application\/ld+json\" class=\"yoast-schema-graph\">{\"@context\":\"https:\\\/\\\/schema.org\",\"@graph\":[{\"@type\":\"WebPage\",\"@id\":\"https:\\\/\\\/www.sociedadyempresa.com\\\/especializacion\\\/\",\"url\":\"https:\\\/\\\/www.sociedadyempresa.com\\\/especializacion\\\/\",\"name\":\"\u00c1reas de especializaci\u00f3n - Sociedad y Empresa\",\"isPartOf\":{\"@id\":\"https:\\\/\\\/www.sociedadyempresa.com\\\/#website\"},\"primaryImageOfPage\":{\"@id\":\"https:\\\/\\\/www.sociedadyempresa.com\\\/especializacion\\\/#primaryimage\"},\"image\":{\"@id\":\"https:\\\/\\\/www.sociedadyempresa.com\\\/especializacion\\\/#primaryimage\"},\"thumbnailUrl\":\"https:\\\/\\\/www.sociedadyempresa.com\\\/wp-content\\\/uploads\\\/2023\\\/07\\\/logo-sociedad-empresa.png\",\"datePublished\":\"2023-05-15T11:56:08+00:00\",\"dateModified\":\"2023-09-11T16:48:09+00:00\",\"description\":\"\u00c1reas de especializaci\u00f3n y equipo experimentado en proyectos sociales, administraci\u00f3n p\u00fablica, organizaciones sociales y empresas.\",\"breadcrumb\":{\"@id\":\"https:\\\/\\\/www.sociedadyempresa.com\\\/especializacion\\\/#breadcrumb\"},\"inLanguage\":\"en-US\",\"potentialAction\":[{\"@type\":\"ReadAction\",\"target\":[\"https:\\\/\\\/www.sociedadyempresa.com\\\/especializacion\\\/\"]}]},{\"@type\":\"ImageObject\",\"inLanguage\":\"en-US\",\"@id\":\"https:\\\/\\\/www.sociedadyempresa.com\\\/especializacion\\\/#primaryimage\",\"url\":\"https:\\\/\\\/www.sociedadyempresa.com\\\/wp-content\\\/uploads\\\/2023\\\/07\\\/logo-sociedad-empresa.png\",\"contentUrl\":\"https:\\\/\\\/www.sociedadyempresa.com\\\/wp-content\\\/uploads\\\/2023\\\/07\\\/logo-sociedad-empresa.png\",\"width\":1396,\"height\":1165,\"caption\":\"Sociedad y Empresa\"},{\"@type\":\"BreadcrumbList\",\"@id\":\"https:\\\/\\\/www.sociedadyempresa.com\\\/especializacion\\\/#breadcrumb\",\"itemListElement\":[{\"@type\":\"ListItem\",\"position\":1,\"name\":\"Inicio\",\"item\":\"https:\\\/\\\/www.sociedadyempresa.com\\\/\"},{\"@type\":\"ListItem\",\"position\":2,\"name\":\"\u00c1reas de especializaci\u00f3n\"}]},{\"@type\":\"WebSite\",\"@id\":\"https:\\\/\\\/www.sociedadyempresa.com\\\/#website\",\"url\":\"https:\\\/\\\/www.sociedadyempresa.com\\\/\",\"name\":\"Sociedad y Empresa\",\"description\":\"EXPERTOS EN PROYECTOS SOCIALES\",\"publisher\":{\"@id\":\"https:\\\/\\\/www.sociedadyempresa.com\\\/#organization\"},\"potentialAction\":[{\"@type\":\"SearchAction\",\"target\":{\"@type\":\"EntryPoint\",\"urlTemplate\":\"https:\\\/\\\/www.sociedadyempresa.com\\\/?s={search_term_string}\"},\"query-input\":{\"@type\":\"PropertyValueSpecification\",\"valueRequired\":true,\"valueName\":\"search_term_string\"}}],\"inLanguage\":\"en-US\"},{\"@type\":\"Organization\",\"@id\":\"https:\\\/\\\/www.sociedadyempresa.com\\\/#organization\",\"name\":\"Sociedad y Empresa\",\"url\":\"https:\\\/\\\/www.sociedadyempresa.com\\\/\",\"logo\":{\"@type\":\"ImageObject\",\"inLanguage\":\"en-US\",\"@id\":\"https:\\\/\\\/www.sociedadyempresa.com\\\/#\\\/schema\\\/logo\\\/image\\\/\",\"url\":\"https:\\\/\\\/www.sociedadyempresa.com\\\/wp-content\\\/uploads\\\/2023\\\/07\\\/logo-sociedad-empresa.png\",\"contentUrl\":\"https:\\\/\\\/www.sociedadyempresa.com\\\/wp-content\\\/uploads\\\/2023\\\/07\\\/logo-sociedad-empresa.png\",\"width\":1396,\"height\":1165,\"caption\":\"Sociedad y Empresa\"},\"image\":{\"@id\":\"https:\\\/\\\/www.sociedadyempresa.com\\\/#\\\/schema\\\/logo\\\/image\\\/\"}}]}<\/script>\n<!-- \/ Yoast SEO plugin. -->","yoast_head_json":{"title":"Areas of specialization - Sociedad y Empresa","description":"Areas of specialization and experienced team in social projects, public administration, social organizations and companies.","robots":{"index":"index","follow":"follow","max-snippet":"max-snippet:-1","max-image-preview":"max-image-preview:large","max-video-preview":"max-video-preview:-1"},"canonical":"https:\/\/www.sociedadyempresa.com\/en\/specialization\/","og_locale":"en_US","og_type":"article","og_title":"\u00c1reas de especializaci\u00f3n - Sociedad y Empresa","og_description":"\u00c1reas de especializaci\u00f3n y equipo experimentado en proyectos sociales, administraci\u00f3n p\u00fablica, organizaciones sociales y empresas.","og_url":"https:\/\/www.sociedadyempresa.com\/en\/specialization\/","og_site_name":"Sociedad y Empresa","article_modified_time":"2023-09-11T16:48:09+00:00","og_image":[{"width":1396,"height":1165,"url":"https:\/\/www.sociedadyempresa.com\/wp-content\/uploads\/2023\/07\/logo-sociedad-empresa.png","type":"image\/png"}],"twitter_card":"summary_large_image","schema":{"@context":"https:\/\/schema.org","@graph":[{"@type":"WebPage","@id":"https:\/\/www.sociedadyempresa.com\/especializacion\/","url":"https:\/\/www.sociedadyempresa.com\/especializacion\/","name":"Areas of specialization - Sociedad y Empresa","isPartOf":{"@id":"https:\/\/www.sociedadyempresa.com\/#website"},"primaryImageOfPage":{"@id":"https:\/\/www.sociedadyempresa.com\/especializacion\/#primaryimage"},"image":{"@id":"https:\/\/www.sociedadyempresa.com\/especializacion\/#primaryimage"},"thumbnailUrl":"https:\/\/www.sociedadyempresa.com\/wp-content\/uploads\/2023\/07\/logo-sociedad-empresa.png","datePublished":"2023-05-15T11:56:08+00:00","dateModified":"2023-09-11T16:48:09+00:00","description":"Areas of specialization and experienced team in social projects, public administration, social organizations and companies.","breadcrumb":{"@id":"https:\/\/www.sociedadyempresa.com\/especializacion\/#breadcrumb"},"inLanguage":"en-US","potentialAction":[{"@type":"ReadAction","target":["https:\/\/www.sociedadyempresa.com\/especializacion\/"]}]},{"@type":"ImageObject","inLanguage":"en-US","@id":"https:\/\/www.sociedadyempresa.com\/especializacion\/#primaryimage","url":"https:\/\/www.sociedadyempresa.com\/wp-content\/uploads\/2023\/07\/logo-sociedad-empresa.png","contentUrl":"https:\/\/www.sociedadyempresa.com\/wp-content\/uploads\/2023\/07\/logo-sociedad-empresa.png","width":1396,"height":1165,"caption":"Sociedad y Empresa"},{"@type":"BreadcrumbList","@id":"https:\/\/www.sociedadyempresa.com\/especializacion\/#breadcrumb","itemListElement":[{"@type":"ListItem","position":1,"name":"Inicio","item":"https:\/\/www.sociedadyempresa.com\/"},{"@type":"ListItem","position":2,"name":"\u00c1reas de especializaci\u00f3n"}]},{"@type":"WebSite","@id":"https:\/\/www.sociedadyempresa.com\/#website","url":"https:\/\/www.sociedadyempresa.com\/","name":"Sociedad y Empresa","description":"EXPERTS IN SOCIAL PROJECTS","publisher":{"@id":"https:\/\/www.sociedadyempresa.com\/#organization"},"potentialAction":[{"@type":"SearchAction","target":{"@type":"EntryPoint","urlTemplate":"https:\/\/www.sociedadyempresa.com\/?s={search_term_string}"},"query-input":{"@type":"PropertyValueSpecification","valueRequired":true,"valueName":"search_term_string"}}],"inLanguage":"en-US"},{"@type":"Organization","@id":"https:\/\/www.sociedadyempresa.com\/#organization","name":"Sociedad y Empresa","url":"https:\/\/www.sociedadyempresa.com\/","logo":{"@type":"ImageObject","inLanguage":"en-US","@id":"https:\/\/www.sociedadyempresa.com\/#\/schema\/logo\/image\/","url":"https:\/\/www.sociedadyempresa.com\/wp-content\/uploads\/2023\/07\/logo-sociedad-empresa.png","contentUrl":"https:\/\/www.sociedadyempresa.com\/wp-content\/uploads\/2023\/07\/logo-sociedad-empresa.png","width":1396,"height":1165,"caption":"Sociedad y Empresa"},"image":{"@id":"https:\/\/www.sociedadyempresa.com\/#\/schema\/logo\/image\/"}}]}},"_links":{"self":[{"href":"https:\/\/www.sociedadyempresa.com\/en\/wp-json\/wp\/v2\/pages\/516","targetHints":{"allow":["GET"]}}],"collection":[{"href":"https:\/\/www.sociedadyempresa.com\/en\/wp-json\/wp\/v2\/pages"}],"about":[{"href":"https:\/\/www.sociedadyempresa.com\/en\/wp-json\/wp\/v2\/types\/page"}],"author":[{"embeddable":true,"href":"https:\/\/www.sociedadyempresa.com\/en\/wp-json\/wp\/v2\/users\/1"}],"replies":[{"embeddable":true,"href":"https:\/\/www.sociedadyempresa.com\/en\/wp-json\/wp\/v2\/comments?post=516"}],"version-history":[{"count":153,"href":"https:\/\/www.sociedadyempresa.com\/en\/wp-json\/wp\/v2\/pages\/516\/revisions"}],"predecessor-version":[{"id":1419,"href":"https:\/\/www.sociedadyempresa.com\/en\/wp-json\/wp\/v2\/pages\/516\/revisions\/1419"}],"wp:featuredmedia":[{"embeddable":true,"href":"https:\/\/www.sociedadyempresa.com\/en\/wp-json\/wp\/v2\/media\/929"}],"wp:attachment":[{"href":"https:\/\/www.sociedadyempresa.com\/en\/wp-json\/wp\/v2\/media?parent=516"}],"curies":[{"name":"wp","href":"https:\/\/api.w.org\/{rel}","templated":true}]}}